{"id":99688,"date":"2020-07-23T14:02:20","date_gmt":"2020-07-23T14:02:20","guid":{"rendered":"https:\/\/essax.es\/?post_type=product&#038;p=99688"},"modified":"2025-10-24T09:22:27","modified_gmt":"2025-10-24T09:22:27","slug":"miura","status":"publish","type":"product","link":"https:\/\/essax.es\/pt\/product\/miura","title":{"rendered":"Sela Miura \u2013 A\u00e7o \u2013 290 gr."},"content":{"rendered":"<p>Couro dividido \u00e9 a parte interna do couro, a parte que normalmente n\u00e3o \u00e9 mostrada. Para muitos, sua cara feia. Por\u00e9m, a sua caracter\u00edstica superf\u00edcie \u00e1spera, peluda e irregular confere-lhe justamente aquele encanto do que n\u00e3o \u00e9 \u201cperfeito\u201d. O interessante disso \u00e9 que, gra\u00e7as a isso, nunca mais duas selas ser\u00e3o 100% iguais.<\/p>\n<p>S\u00e3o \u00f3bvias as reminisc\u00eancias do termo Miura, que para qualquer um denota classe, bravura e personalidade pr\u00f3pria. Porque esta n\u00e3o \u00e9 uma sela qualquer.<\/p>","protected":false},"excerpt":{"rendered":"<p>El serraje es la cara interior de una piel, la parte que normalmente no se muestra. Para muchos, su cara fea. Sin embargo, su caracter\u00edstica superficie rugosa, peluda e irregular, le confiere precisamente ese encanto de lo que no es &#8220;perfecto&#8221;. Lo interesante del asunto reside en que gracias a ello, dos sillines no ser\u00e1n [&hellip;]<\/p>","protected":false},"featured_media":99691,"comment_status":"open","ping_status":"closed","template":"","meta":{"inline_featured_image":false},"product_brand":[],"product_cat":[157],"product_tag":[204,205,206,203],"class_list":{"0":"post-99688","1":"product","2":"type-product","3":"status-publish","4":"has-post-thumbnail","6":"product_cat-urban","7":"product_tag-city","8":"product_tag-ciudad","9":"product_tag-miura","10":"product_tag-urban","11":"pa_ancho-132-mm","12":"pa_color-marron","13":"pa_rail-acero","15":"first","16":"instock","17":"taxable","18":"shipping-taxable","19":"purchasable","20":"product-type-variable"},"exclude_global_add_ons":[],"addons":[],"_links":{"self":[{"href":"https:\/\/essax.es\/pt\/wp-json\/wp\/v2\/product\/99688"}],"collection":[{"href":"https:\/\/essax.es\/pt\/wp-json\/wp\/v2\/product"}],"about":[{"href":"https:\/\/essax.es\/pt\/wp-json\/wp\/v2\/types\/product"}],"replies":[{"embeddable":true,"href":"https:\/\/essax.es\/pt\/wp-json\/wp\/v2\/comments?post=99688"}],"wp:featuredmedia":[{"embeddable":true,"href":"https:\/\/essax.es\/pt\/wp-json\/wp\/v2\/media\/99691"}],"wp:attachment":[{"href":"https:\/\/essax.es\/pt\/wp-json\/wp\/v2\/media?parent=99688"}],"wp:term":[{"taxonomy":"product_brand","embeddable":true,"href":"https:\/\/essax.es\/pt\/wp-json\/wp\/v2\/product_brand?post=99688"},{"taxonomy":"product_cat","embeddable":true,"href":"https:\/\/essax.es\/pt\/wp-json\/wp\/v2\/product_cat?post=99688"},{"taxonomy":"product_tag","embeddable":true,"href":"https:\/\/essax.es\/pt\/wp-json\/wp\/v2\/product_tag?post=99688"}],"curies":[{"name":"wp","href":"https:\/\/api.w.org\/{rel}","templated":true}]}}